{"id":174,"date":"2014-03-19T08:07:14","date_gmt":"2014-03-19T08:07:14","guid":{"rendered":"http:\/\/localhost\/MUSEUVDP\/?page_id=174"},"modified":"2014-03-19T10:07:59","modified_gmt":"2014-03-19T10:07:59","slug":"historia-del-concurso-de-vestidos-de-papel","status":"publish","type":"page","link":"https:\/\/www.museuvestitspaper.cat\/es\/historia-del-concurso-de-vestidos-de-papel\/","title":{"rendered":"Historia del Concurso de Vestidos de Papel"},"content":{"rendered":"<p>Para entender como empez\u00f3 el concurso de vestidos de papel, debemos trasladarnos a los a\u00f1os 50 del siglo XX, en un mundo en el que todo suced\u00eda de manera mucho m\u00e1s lenta que en el actual, en una sociedad que buscaba alternativas de diversi\u00f3n y un espacio que estaba limitado al g\u00e9nero femenino: el taller.<\/p>\n<p>Gala 2008Era una \u00e9poca en que las mujeres ten\u00edan una educaci\u00f3n limitada al \u00e1mbito dom\u00e9stico, con diferentes materias que ten\u00edan un claro objetivo: convertirlas en buenas amas de casa. Entre estas materias estaba la de coser, por tanto es f\u00e1cil deducir que la mayor\u00eda de mujeres dominaban esta habilidad. Por eso era habitual que se reuniesen en un taller, en el que tej\u00edan ellas mismas la ropa.<\/p>\n<p>Fue precisamente en uno de estos talleres, en el que se empieza a tejer los primeros vestidos de papel, concretamente en el taller de las hermanas Vilar\u00f3. All\u00ed, cada a\u00f1o celebraban Santa Ll\u00facia, la patrona de las modistas, con un desfile especial; cada 13 de diciembre, se invitaba a las familias y amigos de todas las modistas para ver como la ropa ced\u00eda su espacio al papel, en vestidos realmente espectaculares.<\/p>\n<p>La Sociedad Cultural y Recreativa \u201cLa Amistad\u201d, creada el 7 de mayo de 1905 en Mollerussa, hizo suya esta idea y as\u00ed surgi\u00f3 la propuesta de celebrar un Concurso de Vestidos de Papel, corr\u00eda el a\u00f1o 1963. Manteni\u00e9ndose fieles a la idea original, hac\u00eda falta escoger una fecha pr\u00f3xima al d\u00eda de Santa Ll\u00facia, por eso aquel primer Concurso se celebr\u00f3 el domingo dia 12 de diciembre de ese mismo a\u00f1o.<\/p>\n<p>Aquel primer a\u00f1o, y en algunos posteriores, el Concurso de Vestidos de Papel comparti\u00f3 cartel con un concurso de peinados. El \u00e9xito de aquella primera edici\u00f3n hizo que se llenase la sala de teatro \u201cLa Amistad\u201d.<\/p>\n<p>Durante sus dos primeros a\u00f1os de vida, el Concurso tuvo un \u00e1mbito comarcal, pero la buena acogida y el \u00e9xito de convocatoria hicieron que en su tercer a\u00f1o, el 1965, pasase a tener \u00e1mbito estatal. Nac\u00eda as\u00ed el Concurso Nacional de Vestidos de Papel de Mollerussa.<\/p>\n<p>Gala 2009No sabemos si sus creadores fueron conscientes de las repercusiones que su idea llegar\u00eda a tener; lejos de desaparecer, el concurso ha ido creciendo y actualmente ya hace m\u00e1s de 40 a\u00f1os que se celebra.<\/p>\n<p>No est\u00e1 limitado a una edad, a un estilo o a una procedencia, sus participantes pueden escoger presentar sus creaciones en una de las tres categor\u00edas del Concurso: Fantas\u00eda, \u00c9poca y Moda Actual. Provienen de diferentes lugares, Amposta, Burgos, Zaragoza, Barcelona, de diferentes pueblos de las comarcas leridanas y tantos otros. Y lo hacen a trav\u00e9s de asociaciones de mujeres, de jubilados, institutos o escuelas de dise\u00f1o.<\/p>\n<p>Actualmente, el comit\u00e9 organizador propone una tem\u00e1tica dentro del concurso, en una de las \u00faltimas ediciones fue Tirant lo Blanc, y tambi\u00e9n se pueden presentar vestidos, de las tres categorias anteriores, que traten la tem\u00e1tica del a\u00f1o. Al lo largo de la historia del concurso, los miembros del comit\u00e9 organizador han sido los encargados de todo el trabajo que conlleva un certamen de estas caracter\u00edsticas, escogiendo el jurado, encargando los premios, preparando la escenograf\u00eda y encargandose de toda la log\u00edstica necesaria para que sea posible la celebraci\u00f3n de un concurso de estas dimensiones.<\/p>\n<p>Todo esto, da como fruto un concurso que crece en cada edici\u00f3n, con m\u00e1s participantes que en las anteriores, con nuevos retos cada a\u00f1o y con creaciones realmente espectaculares, a trav\u00e9s de las cu\u00e1les la frase m\u00e1s repetida es \u201c\u2026parece mentira que sea de papel\u2026\u201d.<\/p>\n","protected":false},"excerpt":{"rendered":"<p>Para entender como empez\u00f3 el concurso de vestidos de papel, debemos trasladarnos a los a\u00f1os 50 del siglo XX, en un mundo en el que todo suced\u00eda de manera mucho m\u00e1s lenta que en el actual, en una sociedad que buscaba alternativas de diversi\u00f3n y un espacio que estaba limitado al g\u00e9nero femenino: el taller. [&hellip;]<\/p>\n","protected":false},"author":3,"featured_media":306,"parent":0,"menu_order":0,"comment_status":"open","ping_status":"open","template":"","meta":[],"_links":{"self":[{"href":"https:\/\/www.museuvestitspaper.cat\/es\/wp-json\/wp\/v2\/pages\/174"}],"collection":[{"href":"https:\/\/www.museuvestitspaper.cat\/es\/wp-json\/wp\/v2\/pages"}],"about":[{"href":"https:\/\/www.museuvestitspaper.cat\/es\/wp-json\/wp\/v2\/types\/page"}],"author":[{"embeddable":true,"href":"https:\/\/www.museuvestitspaper.cat\/es\/wp-json\/wp\/v2\/users\/3"}],"replies":[{"embeddable":true,"href":"https:\/\/www.museuvestitspaper.cat\/es\/wp-json\/wp\/v2\/comments?post=174"}],"version-history":[{"count":1,"href":"https:\/\/www.museuvestitspaper.cat\/es\/wp-json\/wp\/v2\/pages\/174\/revisions"}],"predecessor-version":[{"id":175,"href":"https:\/\/www.museuvestitspaper.cat\/es\/wp-json\/wp\/v2\/pages\/174\/revisions\/175"}],"wp:featuredmedia":[{"embeddable":true,"href":"https:\/\/www.museuvestitspaper.cat\/es\/wp-json\/wp\/v2\/media\/306"}],"wp:attachment":[{"href":"https:\/\/www.museuvestitspaper.cat\/es\/wp-json\/wp\/v2\/media?parent=174"}],"curies":[{"name":"wp","href":"https:\/\/api.w.org\/{rel}","templated":true}]}}