{"id":183,"date":"2014-03-19T08:13:22","date_gmt":"2014-03-19T08:13:22","guid":{"rendered":"http:\/\/localhost\/MUSEUVDP\/?page_id=183"},"modified":"2014-03-19T08:13:22","modified_gmt":"2014-03-19T08:13:22","slug":"historia","status":"publish","type":"page","link":"https:\/\/www.museuvestitspaper.cat\/es\/historia\/","title":{"rendered":"Historia"},"content":{"rendered":"<p>En diciembre de 2009 el nuevo Museu de Vestidos de Papel abri\u00f3 sus puertas coincidiendo con el mismo fin de semana que se celebrava el 44\u00aa edici\u00f3n del Concurso Nacional de Vestidos de Papel y 46\u00ba Concurso Ciudad de Mollerussa.<\/p>\n<p>Fa\u00e7ana MVPSe trata de un equipamiento completamente nuevo situado justo al lado del Teatro l&#8217;Amistat, lugar donde tradicionalmente se ha celebrado el concurso y tambi\u00e9n lugar en el que comenz\u00f3 la primera exposici\u00f3n de vestidos. Entonces no se podia hablar de museo propiamente, si no que se aprovechaba el lugar existente entre los palcos del teatro para exponer los vestidos ganadores.<\/p>\n<p>Pero con el paso de los a\u00f1os, aquel espacio se fue quedando peque\u00f1o y en 1988, cuando el Ayuntamiento pas\u00f3 a hacerse cargo del teatro, del concurso y de los vestidos, estos \u00faltimos se trasladoraon a un espacio pensado para ser museo, situado en las galerias Sant Jordi, en donde ha estado hasta hace poco.<\/p>\n<p>A partir de este hecho, la afluencia de p\u00fablico fue en aumento, aunque \u00e9ste museo tenia un espacio limitado y s\u00f3lo se abr\u00eda cuando hab\u00eda visitas concertadas previamente.<\/p>\n<p>Adem\u00e1s, el n\u00famero de vestidos tambi\u00e9n fue creciendo ya que cada a\u00f1o el museo se queda con todos los vestidos premiados en el concurso y con las donaciones de las modistas que prefieren que el museo se haga cargo de sus creaciones.<\/p>\n<p>Todo esto nos lleva hasta el museo que hoy todos pueden visitar, en el que hay m\u00e1s de ochenta vestidos expuestos y en donde adem\u00e1s se ha intentado explicar la historia del concurso, sus inicios.<\/p>\n<p>Por tanto, estamos ante un espacio en donde est\u00e1n algunos de los antiguos vestidos del anterior museo, piezas que cada a\u00f1o ir\u00e1n cambiando cuando se a\u00f1adan los nuevos vestidos premiados, pero con un contenido y unos objetivos diferentes; un museo que pretende explicarnos como se hace un vestido de papel o trasladarnos a los a\u00f1os 50 del siglo XX cuando, en un peque\u00f1o taller de la ciudad de Mollerussa, surgi\u00f3 la idea de cambiar la ropa por el papel.<\/p>\n","protected":false},"excerpt":{"rendered":"<p>En diciembre de 2009 el nuevo Museu de Vestidos de Papel abri\u00f3 sus puertas coincidiendo con el mismo fin de semana que se celebrava el 44\u00aa edici\u00f3n del Concurso Nacional de Vestidos de Papel y 46\u00ba Concurso Ciudad de Mollerussa. Fa\u00e7ana MVPSe trata de un equipamiento completamente nuevo situado justo al lado del Teatro l&#8217;Amistat, [&hellip;]<\/p>\n","protected":false},"author":3,"featured_media":46,"parent":0,"menu_order":0,"comment_status":"open","ping_status":"open","template":"","meta":[],"_links":{"self":[{"href":"https:\/\/www.museuvestitspaper.cat\/es\/wp-json\/wp\/v2\/pages\/183"}],"collection":[{"href":"https:\/\/www.museuvestitspaper.cat\/es\/wp-json\/wp\/v2\/pages"}],"about":[{"href":"https:\/\/www.museuvestitspaper.cat\/es\/wp-json\/wp\/v2\/types\/page"}],"author":[{"embeddable":true,"href":"https:\/\/www.museuvestitspaper.cat\/es\/wp-json\/wp\/v2\/users\/3"}],"replies":[{"embeddable":true,"href":"https:\/\/www.museuvestitspaper.cat\/es\/wp-json\/wp\/v2\/comments?post=183"}],"version-history":[{"count":1,"href":"https:\/\/www.museuvestitspaper.cat\/es\/wp-json\/wp\/v2\/pages\/183\/revisions"}],"predecessor-version":[{"id":184,"href":"https:\/\/www.museuvestitspaper.cat\/es\/wp-json\/wp\/v2\/pages\/183\/revisions\/184"}],"wp:featuredmedia":[{"embeddable":true,"href":"https:\/\/www.museuvestitspaper.cat\/es\/wp-json\/wp\/v2\/media\/46"}],"wp:attachment":[{"href":"https:\/\/www.museuvestitspaper.cat\/es\/wp-json\/wp\/v2\/media?parent=183"}],"curies":[{"name":"wp","href":"https:\/\/api.w.org\/{rel}","templated":true}]}}