{"id":256,"date":"2014-03-19T09:35:45","date_gmt":"2014-03-19T09:35:45","guid":{"rendered":"http:\/\/localhost\/MUSEUVDP\/?page_id=256"},"modified":"2023-06-21T15:41:37","modified_gmt":"2023-06-21T13:41:37","slug":"256-2","status":"publish","type":"page","link":"https:\/\/www.museuvestitspaper.cat\/es\/256-2\/","title":{"rendered":"Exposiciones temporales \/ Espai creatiu"},"content":{"rendered":"<p><strong>Dentro del edificio del Museu de Vestits de Paper se cede un espacio en blanco para dar cabida a los trabajos creativos y experimentales de artistas.<\/strong><\/p>\n<p><strong>Es una sala de exposiciones que pretende ser una puerta abierta por todas aquellas personas que quieran mostrar sus colecciones dentro de cualquier \u00e1mbito cultural.<\/strong><\/p>\n<p>Si est\u00e1is interesados\/*adas de exponer con nosotros, nos ten\u00e9is que hacer llegar un correo electr\u00f3nico con todos los datos, as\u00ed como tambi\u00e9n una muestra de vuestra obra. Lo ten\u00e9is que enviar todo a la direcci\u00f3n electr\u00f3nica que consta en nuestra web.<\/p>\n<p>Recordarles que, la direcci\u00f3n del MVP es la que decidir\u00e1 qu\u00e9 exposiciones se realizan.<\/p>\n<div id=\"attachment_2983\" style=\"width: 693px\" class=\"wp-caption alignleft\"><a href=\"https:\/\/www.museuvestitspaper.cat\/wp-content\/uploads\/2023\/05\/MRG09011-scaled.jpg\"><img aria-describedby=\"caption-attachment-2983\" loading=\"lazy\" class=\"size-large wp-image-2983\" src=\"https:\/\/www.museuvestitspaper.cat\/wp-content\/uploads\/2023\/05\/MRG09011-683x1024.jpg\" alt=\"\" width=\"683\" height=\"1024\" srcset=\"https:\/\/www.museuvestitspaper.cat\/wp-content\/uploads\/2023\/05\/MRG09011-683x1024.jpg 683w, https:\/\/www.museuvestitspaper.cat\/wp-content\/uploads\/2023\/05\/MRG09011-200x300.jpg 200w, https:\/\/www.museuvestitspaper.cat\/wp-content\/uploads\/2023\/05\/MRG09011-768x1152.jpg 768w, https:\/\/www.museuvestitspaper.cat\/wp-content\/uploads\/2023\/05\/MRG09011-1024x1536.jpg 1024w, https:\/\/www.museuvestitspaper.cat\/wp-content\/uploads\/2023\/05\/MRG09011-1365x2048.jpg 1365w, https:\/\/www.museuvestitspaper.cat\/wp-content\/uploads\/2023\/05\/MRG09011-scaled.jpg 1707w\" sizes=\"(max-width: 683px) 100vw, 683px\" \/><\/a><p id=\"caption-attachment-2983\" class=\"wp-caption-text\">Sala de exposiciones del MVP<\/p><\/div>\n\n","protected":false},"excerpt":{"rendered":"<p>Dentro del edificio del Museu de Vestits de Paper se cede un espacio en blanco para dar cabida a los trabajos creativos y experimentales de artistas. Es una sala de exposiciones que pretende ser una puerta abierta por todas aquellas personas que quieran mostrar sus colecciones dentro de cualquier \u00e1mbito cultural. Si est\u00e1is interesados\/*adas de [&hellip;]<\/p>\n","protected":false},"author":3,"featured_media":0,"parent":0,"menu_order":0,"comment_status":"open","ping_status":"open","template":"","meta":[],"_links":{"self":[{"href":"https:\/\/www.museuvestitspaper.cat\/es\/wp-json\/wp\/v2\/pages\/256"}],"collection":[{"href":"https:\/\/www.museuvestitspaper.cat\/es\/wp-json\/wp\/v2\/pages"}],"about":[{"href":"https:\/\/www.museuvestitspaper.cat\/es\/wp-json\/wp\/v2\/types\/page"}],"author":[{"embeddable":true,"href":"https:\/\/www.museuvestitspaper.cat\/es\/wp-json\/wp\/v2\/users\/3"}],"replies":[{"embeddable":true,"href":"https:\/\/www.museuvestitspaper.cat\/es\/wp-json\/wp\/v2\/comments?post=256"}],"version-history":[{"count":5,"href":"https:\/\/www.museuvestitspaper.cat\/es\/wp-json\/wp\/v2\/pages\/256\/revisions"}],"predecessor-version":[{"id":3034,"href":"https:\/\/www.museuvestitspaper.cat\/es\/wp-json\/wp\/v2\/pages\/256\/revisions\/3034"}],"wp:attachment":[{"href":"https:\/\/www.museuvestitspaper.cat\/es\/wp-json\/wp\/v2\/media?parent=256"}],"curies":[{"name":"wp","href":"https:\/\/api.w.org\/{rel}","templated":true}]}}