{"id":273,"date":"2014-03-19T09:45:33","date_gmt":"2014-03-19T09:45:33","guid":{"rendered":"http:\/\/localhost\/MUSEUVDP\/?page_id=273"},"modified":"2014-03-19T09:45:33","modified_gmt":"2014-03-19T09:45:33","slug":"tienda","status":"publish","type":"page","link":"https:\/\/www.museuvestitspaper.cat\/es\/tienda\/","title":{"rendered":"Tienda"},"content":{"rendered":"<p>Se puede adquirir en el mismo Museo de Vestidos de Papel o en qualquier libreria de la ciudad el libro \u00abEls vestits de paper a Mollerussa, 40 anys d&#8217;hist\u00f2ria\u00bb obra de Miquel Polo Silvestre y Carme Polo Vives, con fotograf\u00eda de Josep Maria Fabregat. Disponible en catal\u00e1n y castellano. Los datos de la edici\u00f3n s\u00f3n:<\/p>\n<p>Laia Libros S.L. | col\u00b7lecci\u00f3n N\/D | ISBN 978-84-935411-4-9 | Publicado 11\/12\/2009 | 24,5&#215;30,7cm.<\/p>\n<p><strong>PRECIO &#8211; 30 \u20ac<\/strong><\/p>\n","protected":false},"excerpt":{"rendered":"<p>Se puede adquirir en el mismo Museo de Vestidos de Papel o en qualquier libreria de la ciudad el libro \u00abEls vestits de paper a Mollerussa, 40 anys d&#8217;hist\u00f2ria\u00bb obra de Miquel Polo Silvestre y Carme Polo Vives, con fotograf\u00eda de Josep Maria Fabregat. Disponible en catal\u00e1n y castellano. Los datos de la edici\u00f3n s\u00f3n: [&hellip;]<\/p>\n","protected":false},"author":3,"featured_media":271,"parent":0,"menu_order":0,"comment_status":"open","ping_status":"open","template":"","meta":[],"_links":{"self":[{"href":"https:\/\/www.museuvestitspaper.cat\/es\/wp-json\/wp\/v2\/pages\/273"}],"collection":[{"href":"https:\/\/www.museuvestitspaper.cat\/es\/wp-json\/wp\/v2\/pages"}],"about":[{"href":"https:\/\/www.museuvestitspaper.cat\/es\/wp-json\/wp\/v2\/types\/page"}],"author":[{"embeddable":true,"href":"https:\/\/www.museuvestitspaper.cat\/es\/wp-json\/wp\/v2\/users\/3"}],"replies":[{"embeddable":true,"href":"https:\/\/www.museuvestitspaper.cat\/es\/wp-json\/wp\/v2\/comments?post=273"}],"version-history":[{"count":1,"href":"https:\/\/www.museuvestitspaper.cat\/es\/wp-json\/wp\/v2\/pages\/273\/revisions"}],"predecessor-version":[{"id":274,"href":"https:\/\/www.museuvestitspaper.cat\/es\/wp-json\/wp\/v2\/pages\/273\/revisions\/274"}],"wp:featuredmedia":[{"embeddable":true,"href":"https:\/\/www.museuvestitspaper.cat\/es\/wp-json\/wp\/v2\/media\/271"}],"wp:attachment":[{"href":"https:\/\/www.museuvestitspaper.cat\/es\/wp-json\/wp\/v2\/media?parent=273"}],"curies":[{"name":"wp","href":"https:\/\/api.w.org\/{rel}","templated":true}]}}