{"id":290,"date":"2014-03-19T09:54:20","date_gmt":"2014-03-19T09:54:20","guid":{"rendered":"http:\/\/localhost\/MUSEUVDP\/?page_id=290"},"modified":"2025-06-17T10:48:56","modified_gmt":"2025-06-17T08:48:56","slug":"horarios-y-precios","status":"publish","type":"page","link":"https:\/\/www.museuvestitspaper.cat\/es\/horarios-y-precios\/","title":{"rendered":"Horarios y precios"},"content":{"rendered":"<p><span style=\"color: #ff0000;\"><strong>D\u00edas de cierre:<\/strong><\/span><\/p>\n<ul>\n<li style=\"list-style-type: none;\">\n<ul>\n<li><strong>Enero: 18,19 i 31<\/strong><\/li>\n<li><strong>Febrero:1,2,15 i 16<\/strong><\/li>\n<li><\/li>\n<\/ul>\n<\/li>\n<\/ul>\n<p><span style=\"color: #ff0000;\"><strong>Visitas al Museo de Trajes de Papel concertadas con cita previa a:<\/strong><\/span><\/p>\n<p>info@museuvestitspaper.cat o llamando al 687 89 99 25 (WhatsApp).<\/p>\n<p><span style=\"color: #97b8b3;\"><strong>HORARIOS DE VISITA:<\/strong><\/span><br \/>\n&#8211;<strong>De martes a jueves: <\/strong>10.00, 11.00 , 12.00, 15.00 y las 16.00<\/p>\n<p>&#8211;<strong>Viernes:<\/strong> 10.00, 11.00, 12.00, 13.00 y 14.00<\/p>\n<p><strong>&#8211; S\u00e1bado :<\/strong> 10.00, 11.00 , 12.00, 15.00 y las 16.00<br \/>\n&#8211;<strong>Domingos y festivos<\/strong>: 10.00, 11.00, 12.00 y las 13.00<\/p>\n<p>&#8211;<strong>Verano (Del 15 de junio al 17 de septiembre) de martes a domingo<\/strong>: de\u00a010h\u00a0a\u00a014h.<\/p>\n<p><em>Hemos habilitado franjas horarias de 1h para garantizar que no se sobrepasa la capacidad m\u00e1xima de visitantes en cada sala. Se puede escoger la franja de visita en el momento de realizar la reserva.<\/em><\/p>\n<p><strong><span style=\"color: #97b8b3;\">HORARIO DEL MUSEO:<\/span><\/strong><\/p>\n<p>&#8211;<strong>Martes a jueves<\/strong>, de\u00a010h\u00a0a\u00a013h\u00a0y de\u00a015h\u00a0a\u00a017h<\/p>\n<p><strong>-Viernes<\/strong> de 10h a 15.00h<\/p>\n<p>&#8211;<strong> S\u00e1bados,<\/strong> de 10h\u00a0a\u00a013h\u00a0y de\u00a015h\u00a0a\u00a017h<br \/>\n&#8211;<strong>Domingos y festivos<\/strong>, de 10 a\u00a014h.<br \/>\n<em>D\u00eda 5 de enero de 10 a 14 horas. Lunes no festivos,1 de noviembre, 25, 26 Y 31 de diciembre, 1 y 6 de enero cerrado.<\/em><\/p>\n<p>&#8211;<strong>Del 15 de junio al 17 de septiembre el museo abrir\u00e1 solo las ma\u00f1anas de 10 a 14 horas de martes a domingo.<\/strong><\/p>\n<p><strong><span style=\"color: #97b8b3;\">PRECIOS:<\/span><\/strong><\/p>\n<p>&#8211;<strong>General<\/strong>: 3\u201950\u20ac<br \/>\n&#8211;<strong>Reducida<\/strong>: 2\u201950\u20ac (jubilados, estudiantes, parados, discapacidades, titulares del Carn\u00e9 Joven o M\u00e1s 25, familias numerosas y monoparentales y grupos de m\u00e1s de 15 personas).<br \/>\n&#8211;<strong>Gratuita<\/strong>: menores de 7 a\u00f1os, acompa\u00f1antes de grupo y miembros de asociaciones o instituciones relacionadas con museos.<\/p>\n<p><em>**Solo se acepta pago en efectivo.<\/em><\/p>\n","protected":false},"excerpt":{"rendered":"<p>D\u00edas de cierre: Enero: 18,19 i 31 Febrero:1,2,15 i 16 Visitas al Museo de Trajes de Papel concertadas con cita previa a: info@museuvestitspaper.cat o llamando al 687 89 99 25 (WhatsApp). HORARIOS DE VISITA: &#8211;De martes a jueves: 10.00, 11.00 , 12.00, 15.00 y las 16.00 &#8211;Viernes: 10.00, 11.00, 12.00, 13.00 y 14.00 &#8211; S\u00e1bado [&hellip;]<\/p>\n","protected":false},"author":3,"featured_media":0,"parent":0,"menu_order":0,"comment_status":"open","ping_status":"open","template":"","meta":[],"_links":{"self":[{"href":"https:\/\/www.museuvestitspaper.cat\/es\/wp-json\/wp\/v2\/pages\/290"}],"collection":[{"href":"https:\/\/www.museuvestitspaper.cat\/es\/wp-json\/wp\/v2\/pages"}],"about":[{"href":"https:\/\/www.museuvestitspaper.cat\/es\/wp-json\/wp\/v2\/types\/page"}],"author":[{"embeddable":true,"href":"https:\/\/www.museuvestitspaper.cat\/es\/wp-json\/wp\/v2\/users\/3"}],"replies":[{"embeddable":true,"href":"https:\/\/www.museuvestitspaper.cat\/es\/wp-json\/wp\/v2\/comments?post=290"}],"version-history":[{"count":45,"href":"https:\/\/www.museuvestitspaper.cat\/es\/wp-json\/wp\/v2\/pages\/290\/revisions"}],"predecessor-version":[{"id":3577,"href":"https:\/\/www.museuvestitspaper.cat\/es\/wp-json\/wp\/v2\/pages\/290\/revisions\/3577"}],"wp:attachment":[{"href":"https:\/\/www.museuvestitspaper.cat\/es\/wp-json\/wp\/v2\/media?parent=290"}],"curies":[{"name":"wp","href":"https:\/\/api.w.org\/{rel}","templated":true}]}}